{"id":36006,"date":"2026-04-09T17:32:42","date_gmt":"2026-04-09T15:32:42","guid":{"rendered":"https:\/\/www.chocolate7.com\/?post_type=product&#038;p=36006"},"modified":"2026-04-09T17:48:23","modified_gmt":"2026-04-09T15:48:23","slug":"comte-ecuador-hacienda-eleonor-dark-chocolate-with-camargue-fleur-de-sel-and-extra-virgin-olive-oil-copia-2","status":"publish","type":"product","link":"https:\/\/www.chocolate7.com\/en\/shop\/bar\/dark-chocolate-milk-chocolate-en\/comte-ecuador-hacienda-eleonor-dark-chocolate-with-camargue-fleur-de-sel-and-extra-virgin-olive-oil-copia-2\/","title":{"rendered":"COMTE Ecuador Hacienda Eleonor dark chocolate 70% with lemon zest"},"content":{"rendered":"<p style=\"text-align: left;\">Dark chocolate bar with inclusions \/ filled \/ flavored &#8211; Made by COMTE<\/p>\n<p>Vous \u00eates transport\u00e9(e) par la fra\u00eecheur du zeste de citron qui se marie parfaitement aux notes fruit\u00e9es et florales de ce chocolat. F\u00e8ves de Cacao Bio d&#8217;Equateur 70% &#8211; Zeste de citron frais bio torr\u00e9fi\u00e9 0,5% &#8211; Sucre de Canne Bio et \u00e9quitable du Br\u00e9sil 29,5%. Sans ajout de beurre de Cacao ni mati\u00e8res grasses.<\/p>\n<p>Origine du Cacao :\u00a0Hacienda\u00a0Eleonor &#8211; Esmeraldas &#8211; Equateur<\/p>\n<p>&nbsp;<\/p>\n","protected":false},"excerpt":{"rendered":"<p>COMTE is a bean to bar chocolate maker from France. This fine chocolate bar is made with cocoa from Ecuador (Hacienda Eleonor). COMTE Ecuador Hacienda Eleonor dark chocolate 70% with lemon zest is a dark chocolate with a pleasantly tart and sweet flavor, with aromatic notes of shortbread filled with lemon custard.<\/p>\n<p>&nbsp;<\/p>\n<p>&nbsp;<\/p>\n","protected":false},"featured_media":36008,"template":"","meta":[],"pwb-brand":[12738],"product_brand":[],"product_cat":[3251,3256],"product_tag":[],"giftcard-category":[],"class_list":{"0":"post-36006","1":"product","2":"type-product","3":"status-publish","4":"has-post-thumbnail","6":"pwb-brand-comte-en","7":"product_cat-bar","8":"product_cat-dark-chocolate-milk-chocolate-en","9":"pa_acidita-3-en","10":"pa_amarezza-2-en","11":"pa_astringenza-1-en","12":"pa_cacao-70-79-en","13":"pa_carboidrati-3429-g-en","14":"pa_carboidrati-zuccheri-285-g-en","15":"pa_codice-a-barre-3760113280047-en","16":"pa_conservazione-ideal-storage-temperature-17c","17":"pa_dolcezza-4-en","18":"pa_grassi-341-g-en","19":"pa_grassi-saturi-2452-g-en","20":"pa_ingredienti-organic-cocoa-beans-from-ecuador-70-fresh-organic-toasted-lemon-peel-0-5-organic-cane-sugar-from-brazil-29-5","21":"pa_paese-delle-fave-di-cacao-ecuador-en","22":"pa_paese-produttore-france","23":"pa_percentuale-di-cacao-70-en","24":"pa_proteine-739-g-en","25":"pa_regione-hacienda-eleonor-en","26":"pa_tipo-di-cioccolato-flavoured-filled-inclusions-dark-chocolate","27":"pa_valore-energetico-523-kcal-2188-kj-en","29":"first","30":"outofstock","31":"taxable","32":"shipping-taxable","33":"purchasable","34":"product-type-simple"},"yoast_head":"<!-- This site is optimized with the Yoast SEO plugin v23.3 - https:\/\/yoast.com\/wordpress\/plugins\/seo\/ -->\n<title>COMTE Ecuador Hacienda Eleonor dark chocolate 70% with lemon zest - Chocolate7<\/title>\n<meta name=\"robots\" content=\"index, follow, max-snippet:-1, max-image-preview:large, max-video-preview:-1\" \/>\n<link rel=\"canonical\" href=\"https:\/\/www.chocolate7.com\/en\/shop\/bar\/dark-chocolate-milk-chocolate-en\/comte-ecuador-hacienda-eleonor-dark-chocolate-with-camargue-fleur-de-sel-and-extra-virgin-olive-oil-copia-2\/\" \/>\n<meta property=\"og:locale\" content=\"en_US\" \/>\n<meta property=\"og:type\" content=\"article\" \/>\n<meta property=\"og:title\" content=\"COMTE Ecuador Hacienda Eleonor dark chocolate 70% with lemon zest - Chocolate7\" \/>\n<meta property=\"og:description\" content=\"COMTE is a bean to bar chocolate maker from France. This fine chocolate bar is made with cocoa from Ecuador (Hacienda Eleonor). COMTE Ecuador Hacienda Eleonor dark chocolate 70% with lemon zest is a dark chocolate with a pleasantly tart and sweet flavor, with aromatic notes of shortbread filled with lemon custard.  &nbsp;  &nbsp;\" \/>\n<meta property=\"og:url\" content=\"https:\/\/www.chocolate7.com\/en\/shop\/bar\/dark-chocolate-milk-chocolate-en\/comte-ecuador-hacienda-eleonor-dark-chocolate-with-camargue-fleur-de-sel-and-extra-virgin-olive-oil-copia-2\/\" \/>\n<meta property=\"og:site_name\" content=\"Chocolate7\" \/>\n<meta property=\"article:publisher\" content=\"https:\/\/www.facebook.com\/cremino.gianduia.1\" \/>\n<meta property=\"article:modified_time\" content=\"2026-04-09T15:48:23+00:00\" \/>\n<meta property=\"og:image\" content=\"https:\/\/www.chocolate7.com\/wp-content\/uploads\/2026\/04\/Screenshot_20260409_162940_Instagram-e1775749475567.jpg\" \/>\n\t<meta property=\"og:image:width\" content=\"1080\" \/>\n\t<meta property=\"og:image:height\" content=\"1070\" \/>\n\t<meta property=\"og:image:type\" content=\"image\/jpeg\" \/>\n<meta name=\"twitter:card\" content=\"summary_large_image\" \/>\n<meta name=\"twitter:site\" content=\"@GianduiaCremino\" \/>\n<script type=\"application\/ld+json\" class=\"yoast-schema-graph\">{\"@context\":\"https:\/\/schema.org\",\"@graph\":[{\"@type\":\"WebPage\",\"@id\":\"https:\/\/www.chocolate7.com\/en\/shop\/bar\/dark-chocolate-milk-chocolate-en\/comte-ecuador-hacienda-eleonor-dark-chocolate-with-camargue-fleur-de-sel-and-extra-virgin-olive-oil-copia-2\/\",\"url\":\"https:\/\/www.chocolate7.com\/en\/shop\/bar\/dark-chocolate-milk-chocolate-en\/comte-ecuador-hacienda-eleonor-dark-chocolate-with-camargue-fleur-de-sel-and-extra-virgin-olive-oil-copia-2\/\",\"name\":\"COMTE Ecuador Hacienda Eleonor dark chocolate 70% with lemon zest - Chocolate7\",\"isPartOf\":{\"@id\":\"https:\/\/www.chocolate7.com\/#website\"},\"primaryImageOfPage\":{\"@id\":\"https:\/\/www.chocolate7.com\/en\/shop\/bar\/dark-chocolate-milk-chocolate-en\/comte-ecuador-hacienda-eleonor-dark-chocolate-with-camargue-fleur-de-sel-and-extra-virgin-olive-oil-copia-2\/#primaryimage\"},\"image\":{\"@id\":\"https:\/\/www.chocolate7.com\/en\/shop\/bar\/dark-chocolate-milk-chocolate-en\/comte-ecuador-hacienda-eleonor-dark-chocolate-with-camargue-fleur-de-sel-and-extra-virgin-olive-oil-copia-2\/#primaryimage\"},\"thumbnailUrl\":\"https:\/\/www.chocolate7.com\/wp-content\/uploads\/2026\/04\/Screenshot_20260409_162940_Instagram-e1775749475567.jpg\",\"datePublished\":\"2026-04-09T15:32:42+00:00\",\"dateModified\":\"2026-04-09T15:48:23+00:00\",\"breadcrumb\":{\"@id\":\"https:\/\/www.chocolate7.com\/en\/shop\/bar\/dark-chocolate-milk-chocolate-en\/comte-ecuador-hacienda-eleonor-dark-chocolate-with-camargue-fleur-de-sel-and-extra-virgin-olive-oil-copia-2\/#breadcrumb\"},\"inLanguage\":\"en-US\",\"potentialAction\":[{\"@type\":\"ReadAction\",\"target\":[\"https:\/\/www.chocolate7.com\/en\/shop\/bar\/dark-chocolate-milk-chocolate-en\/comte-ecuador-hacienda-eleonor-dark-chocolate-with-camargue-fleur-de-sel-and-extra-virgin-olive-oil-copia-2\/\"]}]},{\"@type\":\"ImageObject\",\"inLanguage\":\"en-US\",\"@id\":\"https:\/\/www.chocolate7.com\/en\/shop\/bar\/dark-chocolate-milk-chocolate-en\/comte-ecuador-hacienda-eleonor-dark-chocolate-with-camargue-fleur-de-sel-and-extra-virgin-olive-oil-copia-2\/#primaryimage\",\"url\":\"https:\/\/www.chocolate7.com\/wp-content\/uploads\/2026\/04\/Screenshot_20260409_162940_Instagram-e1775749475567.jpg\",\"contentUrl\":\"https:\/\/www.chocolate7.com\/wp-content\/uploads\/2026\/04\/Screenshot_20260409_162940_Instagram-e1775749475567.jpg\",\"width\":1080,\"height\":1070},{\"@type\":\"BreadcrumbList\",\"@id\":\"https:\/\/www.chocolate7.com\/en\/shop\/bar\/dark-chocolate-milk-chocolate-en\/comte-ecuador-hacienda-eleonor-dark-chocolate-with-camargue-fleur-de-sel-and-extra-virgin-olive-oil-copia-2\/#breadcrumb\",\"itemListElement\":[{\"@type\":\"ListItem\",\"position\":1,\"name\":\"Home\",\"item\":\"https:\/\/www.chocolate7.com\/en\/\"},{\"@type\":\"ListItem\",\"position\":2,\"name\":\"Shop\",\"item\":\"https:\/\/www.chocolate7.com\/en\/store\/\"},{\"@type\":\"ListItem\",\"position\":3,\"name\":\"COMTE Ecuador Hacienda Eleonor dark chocolate 70% with lemon zest\"}]},{\"@type\":\"WebSite\",\"@id\":\"https:\/\/www.chocolate7.com\/#website\",\"url\":\"https:\/\/www.chocolate7.com\/\",\"name\":\"Chocolate7\",\"description\":\"The fine &amp; luxury chocolate selection\",\"publisher\":{\"@id\":\"https:\/\/www.chocolate7.com\/#organization\"},\"potentialAction\":[{\"@type\":\"SearchAction\",\"target\":{\"@type\":\"EntryPoint\",\"urlTemplate\":\"https:\/\/www.chocolate7.com\/?s={search_term_string}\"},\"query-input\":\"required name=search_term_string\"}],\"inLanguage\":\"en-US\"},{\"@type\":\"Organization\",\"@id\":\"https:\/\/www.chocolate7.com\/#organization\",\"name\":\"Choc7 di Benedetto Giovanni\",\"url\":\"https:\/\/www.chocolate7.com\/\",\"logo\":{\"@type\":\"ImageObject\",\"inLanguage\":\"en-US\",\"@id\":\"https:\/\/www.chocolate7.com\/#\/schema\/logo\/image\/\",\"url\":\"https:\/\/www.chocolate7.com\/wp-content\/uploads\/2018\/10\/logo_chocolate.png\",\"contentUrl\":\"https:\/\/www.chocolate7.com\/wp-content\/uploads\/2018\/10\/logo_chocolate.png\",\"width\":200,\"height\":41,\"caption\":\"Choc7 di Benedetto Giovanni\"},\"image\":{\"@id\":\"https:\/\/www.chocolate7.com\/#\/schema\/logo\/image\/\"},\"sameAs\":[\"https:\/\/www.facebook.com\/cremino.gianduia.1\",\"https:\/\/x.com\/GianduiaCremino\",\"https:\/\/www.instagram.com\/creminogianduia\/\",\"https:\/\/www.pinterest.com.au\/creminogianduia\/\",\"https:\/\/www.youtube.com\/channel\/UCWFQlcc9EQnAsLkD8rBsgig\"]}]}<\/script>\n<!-- \/ Yoast SEO plugin. -->","yoast_head_json":{"title":"COMTE Ecuador Hacienda Eleonor dark chocolate 70% with lemon zest - Chocolate7","robots":{"index":"index","follow":"follow","max-snippet":"max-snippet:-1","max-image-preview":"max-image-preview:large","max-video-preview":"max-video-preview:-1"},"canonical":"https:\/\/www.chocolate7.com\/en\/shop\/bar\/dark-chocolate-milk-chocolate-en\/comte-ecuador-hacienda-eleonor-dark-chocolate-with-camargue-fleur-de-sel-and-extra-virgin-olive-oil-copia-2\/","og_locale":"en_US","og_type":"article","og_title":"COMTE Ecuador Hacienda Eleonor dark chocolate 70% with lemon zest - Chocolate7","og_description":"COMTE is a bean to bar chocolate maker from France. This fine chocolate bar is made with cocoa from Ecuador (Hacienda Eleonor). COMTE Ecuador Hacienda Eleonor dark chocolate 70% with lemon zest is a dark chocolate with a pleasantly tart and sweet flavor, with aromatic notes of shortbread filled with lemon custard.  &nbsp;  &nbsp;","og_url":"https:\/\/www.chocolate7.com\/en\/shop\/bar\/dark-chocolate-milk-chocolate-en\/comte-ecuador-hacienda-eleonor-dark-chocolate-with-camargue-fleur-de-sel-and-extra-virgin-olive-oil-copia-2\/","og_site_name":"Chocolate7","article_publisher":"https:\/\/www.facebook.com\/cremino.gianduia.1","article_modified_time":"2026-04-09T15:48:23+00:00","og_image":[{"width":1080,"height":1070,"url":"https:\/\/www.chocolate7.com\/wp-content\/uploads\/2026\/04\/Screenshot_20260409_162940_Instagram-e1775749475567.jpg","type":"image\/jpeg"}],"twitter_card":"summary_large_image","twitter_site":"@GianduiaCremino","schema":{"@context":"https:\/\/schema.org","@graph":[{"@type":"WebPage","@id":"https:\/\/www.chocolate7.com\/en\/shop\/bar\/dark-chocolate-milk-chocolate-en\/comte-ecuador-hacienda-eleonor-dark-chocolate-with-camargue-fleur-de-sel-and-extra-virgin-olive-oil-copia-2\/","url":"https:\/\/www.chocolate7.com\/en\/shop\/bar\/dark-chocolate-milk-chocolate-en\/comte-ecuador-hacienda-eleonor-dark-chocolate-with-camargue-fleur-de-sel-and-extra-virgin-olive-oil-copia-2\/","name":"COMTE Ecuador Hacienda Eleonor dark chocolate 70% with lemon zest - Chocolate7","isPartOf":{"@id":"https:\/\/www.chocolate7.com\/#website"},"primaryImageOfPage":{"@id":"https:\/\/www.chocolate7.com\/en\/shop\/bar\/dark-chocolate-milk-chocolate-en\/comte-ecuador-hacienda-eleonor-dark-chocolate-with-camargue-fleur-de-sel-and-extra-virgin-olive-oil-copia-2\/#primaryimage"},"image":{"@id":"https:\/\/www.chocolate7.com\/en\/shop\/bar\/dark-chocolate-milk-chocolate-en\/comte-ecuador-hacienda-eleonor-dark-chocolate-with-camargue-fleur-de-sel-and-extra-virgin-olive-oil-copia-2\/#primaryimage"},"thumbnailUrl":"https:\/\/www.chocolate7.com\/wp-content\/uploads\/2026\/04\/Screenshot_20260409_162940_Instagram-e1775749475567.jpg","datePublished":"2026-04-09T15:32:42+00:00","dateModified":"2026-04-09T15:48:23+00:00","breadcrumb":{"@id":"https:\/\/www.chocolate7.com\/en\/shop\/bar\/dark-chocolate-milk-chocolate-en\/comte-ecuador-hacienda-eleonor-dark-chocolate-with-camargue-fleur-de-sel-and-extra-virgin-olive-oil-copia-2\/#breadcrumb"},"inLanguage":"en-US","potentialAction":[{"@type":"ReadAction","target":["https:\/\/www.chocolate7.com\/en\/shop\/bar\/dark-chocolate-milk-chocolate-en\/comte-ecuador-hacienda-eleonor-dark-chocolate-with-camargue-fleur-de-sel-and-extra-virgin-olive-oil-copia-2\/"]}]},{"@type":"ImageObject","inLanguage":"en-US","@id":"https:\/\/www.chocolate7.com\/en\/shop\/bar\/dark-chocolate-milk-chocolate-en\/comte-ecuador-hacienda-eleonor-dark-chocolate-with-camargue-fleur-de-sel-and-extra-virgin-olive-oil-copia-2\/#primaryimage","url":"https:\/\/www.chocolate7.com\/wp-content\/uploads\/2026\/04\/Screenshot_20260409_162940_Instagram-e1775749475567.jpg","contentUrl":"https:\/\/www.chocolate7.com\/wp-content\/uploads\/2026\/04\/Screenshot_20260409_162940_Instagram-e1775749475567.jpg","width":1080,"height":1070},{"@type":"BreadcrumbList","@id":"https:\/\/www.chocolate7.com\/en\/shop\/bar\/dark-chocolate-milk-chocolate-en\/comte-ecuador-hacienda-eleonor-dark-chocolate-with-camargue-fleur-de-sel-and-extra-virgin-olive-oil-copia-2\/#breadcrumb","itemListElement":[{"@type":"ListItem","position":1,"name":"Home","item":"https:\/\/www.chocolate7.com\/en\/"},{"@type":"ListItem","position":2,"name":"Shop","item":"https:\/\/www.chocolate7.com\/en\/store\/"},{"@type":"ListItem","position":3,"name":"COMTE Ecuador Hacienda Eleonor dark chocolate 70% with lemon zest"}]},{"@type":"WebSite","@id":"https:\/\/www.chocolate7.com\/#website","url":"https:\/\/www.chocolate7.com\/","name":"Chocolate7","description":"The fine &amp; luxury chocolate selection","publisher":{"@id":"https:\/\/www.chocolate7.com\/#organization"},"potentialAction":[{"@type":"SearchAction","target":{"@type":"EntryPoint","urlTemplate":"https:\/\/www.chocolate7.com\/?s={search_term_string}"},"query-input":"required name=search_term_string"}],"inLanguage":"en-US"},{"@type":"Organization","@id":"https:\/\/www.chocolate7.com\/#organization","name":"Choc7 di Benedetto Giovanni","url":"https:\/\/www.chocolate7.com\/","logo":{"@type":"ImageObject","inLanguage":"en-US","@id":"https:\/\/www.chocolate7.com\/#\/schema\/logo\/image\/","url":"https:\/\/www.chocolate7.com\/wp-content\/uploads\/2018\/10\/logo_chocolate.png","contentUrl":"https:\/\/www.chocolate7.com\/wp-content\/uploads\/2018\/10\/logo_chocolate.png","width":200,"height":41,"caption":"Choc7 di Benedetto Giovanni"},"image":{"@id":"https:\/\/www.chocolate7.com\/#\/schema\/logo\/image\/"},"sameAs":["https:\/\/www.facebook.com\/cremino.gianduia.1","https:\/\/x.com\/GianduiaCremino","https:\/\/www.instagram.com\/creminogianduia\/","https:\/\/www.pinterest.com.au\/creminogianduia\/","https:\/\/www.youtube.com\/channel\/UCWFQlcc9EQnAsLkD8rBsgig"]}]}},"brands":[{"id":12738,"name":"COMTE","slug":"comte-en"}],"_links":{"self":[{"href":"https:\/\/www.chocolate7.com\/en\/wp-json\/wp\/v2\/product\/36006","targetHints":{"allow":["GET"]}}],"collection":[{"href":"https:\/\/www.chocolate7.com\/en\/wp-json\/wp\/v2\/product"}],"about":[{"href":"https:\/\/www.chocolate7.com\/en\/wp-json\/wp\/v2\/types\/product"}],"wp:featuredmedia":[{"embeddable":true,"href":"https:\/\/www.chocolate7.com\/en\/wp-json\/wp\/v2\/media\/36008"}],"wp:attachment":[{"href":"https:\/\/www.chocolate7.com\/en\/wp-json\/wp\/v2\/media?parent=36006"}],"wp:term":[{"taxonomy":"pwb-brand","embeddable":true,"href":"https:\/\/www.chocolate7.com\/en\/wp-json\/wp\/v2\/pwb-brand?post=36006"},{"taxonomy":"product_brand","embeddable":true,"href":"https:\/\/www.chocolate7.com\/en\/wp-json\/wp\/v2\/product_brand?post=36006"},{"taxonomy":"product_cat","embeddable":true,"href":"https:\/\/www.chocolate7.com\/en\/wp-json\/wp\/v2\/product_cat?post=36006"},{"taxonomy":"product_tag","embeddable":true,"href":"https:\/\/www.chocolate7.com\/en\/wp-json\/wp\/v2\/product_tag?post=36006"},{"taxonomy":"giftcard-category","embeddable":true,"href":"https:\/\/www.chocolate7.com\/en\/wp-json\/wp\/v2\/giftcard-category?post=36006"}],"curies":[{"name":"wp","href":"https:\/\/api.w.org\/{rel}","templated":true}]}}